{"id":1710,"date":"2023-02-17T13:37:04","date_gmt":"2023-02-17T12:37:04","guid":{"rendered":"https:\/\/mandrupconsult.com\/?page_id=1710"},"modified":"2023-10-11T08:42:41","modified_gmt":"2023-10-11T06:42:41","slug":"vaerdier","status":"publish","type":"page","link":"https:\/\/mandrupconsult.com\/da\/vaerdier\/","title":{"rendered":"V\u00e6rdier"},"content":{"rendered":"<h3>V\u00e6rdier<\/h3>\n<p>&nbsp;<\/p>\n<h4>Kernev\u00e6rdier<\/h4>\n<ul>\n<li>Vi lytter igen og igen, og stiller sp\u00f8rgsm\u00e5l for at forst\u00e5 udfordringen<\/li>\n<li>Vi deler viden om, hvordan m\u00e5lene kan n\u00e5s<\/li>\n<li>Vi arbejder sammen som \u00e9t hold, s\u00e5 m\u00e5lene kan indfries hurtigst muligt<\/li>\n<li>Du og dit team f\u00e5r spotlight \u2013 vi er der udelukkende for at supportere<\/li>\n<li>Den positive succes med at indfri de opstillede m\u00e5l, er det der for os definerer succes<\/li>\n<li>Fortrolighed er essentielt<\/li>\n<\/ul>\n<h4>Vi skaber v\u00e6rdi gennem:<\/h4>\n<ul>\n<li>H\u00f8jt kvalitetsniveau<\/li>\n<li>Vidensdeling<\/li>\n<li>St\u00e6rkt fokus for maksimal effektivitet<\/li>\n<li>Actions og v\u00e6rkt\u00f8jer, der baner vejen for hurtigere resultater og h\u00f8jere sandsynlighed for succes<\/li>\n<li>Leverancer til aftalte deadlines<\/li>\n<li>Direkte og transparent kommunikation<\/li>\n<\/ul>\n","protected":false},"excerpt":{"rendered":"<p>V\u00e6rdier &nbsp; Kernev\u00e6rdier Vi lytter igen og igen, og stiller sp\u00f8rgsm\u00e5l for at forst\u00e5 udfordringen Vi deler viden om, hvordan m\u00e5lene kan n\u00e5s Vi arbejder sammen som \u00e9t hold, s\u00e5 m\u00e5lene kan indfries hurtigst muligt Du og dit team f\u00e5r spotlight \u2013 vi er der udelukkende for at supportere Den positive succes med at indfri [&hellip;]<\/p>\n","protected":false},"author":1,"featured_media":0,"parent":0,"menu_order":0,"comment_status":"closed","ping_status":"closed","template":"","meta":[],"acf":[],"yoast_head":"<!-- This site is optimized with the Yoast SEO plugin v19.4 - https:\/\/yoast.com\/wordpress\/plugins\/seo\/ -->\n<title>V\u00e6rdier - Mandrup Consult<\/title>\n<meta name=\"robots\" content=\"index, follow, max-snippet:-1, max-image-preview:large, max-video-preview:-1\" \/>\n<link rel=\"canonical\" href=\"https:\/\/mandrupconsult.com\/da\/vaerdier\/\" \/>\n<meta property=\"og:locale\" content=\"da_DK\" \/>\n<meta property=\"og:type\" content=\"article\" \/>\n<meta property=\"og:title\" content=\"V\u00e6rdier - Mandrup Consult\" \/>\n<meta property=\"og:description\" content=\"V\u00e6rdier &nbsp; Kernev\u00e6rdier Vi lytter igen og igen, og stiller sp\u00f8rgsm\u00e5l for at forst\u00e5 udfordringen Vi deler viden om, hvordan m\u00e5lene kan n\u00e5s Vi arbejder sammen som \u00e9t hold, s\u00e5 m\u00e5lene kan indfries hurtigst muligt Du og dit team f\u00e5r spotlight \u2013 vi er der udelukkende for at supportere Den positive succes med at indfri [&hellip;]\" \/>\n<meta property=\"og:url\" content=\"https:\/\/mandrupconsult.com\/da\/vaerdier\/\" \/>\n<meta property=\"og:site_name\" content=\"Mandrup Consult\" \/>\n<meta property=\"article:modified_time\" content=\"2023-10-11T06:42:41+00:00\" \/>\n<meta name=\"twitter:card\" content=\"summary_large_image\" \/>\n<meta name=\"twitter:label1\" content=\"Estimeret l\u00e6setid\" \/>\n\t<meta name=\"twitter:data1\" content=\"1 minut\" \/>\n<!-- \/ Yoast SEO plugin. -->","yoast_head_json":{"title":"V\u00e6rdier - Mandrup Consult","robots":{"index":"index","follow":"follow","max-snippet":"max-snippet:-1","max-image-preview":"max-image-preview:large","max-video-preview":"max-video-preview:-1"},"canonical":"https:\/\/mandrupconsult.com\/da\/vaerdier\/","og_locale":"da_DK","og_type":"article","og_title":"V\u00e6rdier - Mandrup Consult","og_description":"V\u00e6rdier &nbsp; Kernev\u00e6rdier Vi lytter igen og igen, og stiller sp\u00f8rgsm\u00e5l for at forst\u00e5 udfordringen Vi deler viden om, hvordan m\u00e5lene kan n\u00e5s Vi arbejder sammen som \u00e9t hold, s\u00e5 m\u00e5lene kan indfries hurtigst muligt Du og dit team f\u00e5r spotlight \u2013 vi er der udelukkende for at supportere Den positive succes med at indfri [&hellip;]","og_url":"https:\/\/mandrupconsult.com\/da\/vaerdier\/","og_site_name":"Mandrup Consult","article_modified_time":"2023-10-11T06:42:41+00:00","twitter_card":"summary_large_image","twitter_misc":{"Estimeret l\u00e6setid":"1 minut"},"schema":{"@context":"https:\/\/schema.org","@graph":[{"@type":"WebSite","@id":"https:\/\/mandrupconsult.com\/da\/#website","url":"https:\/\/mandrupconsult.com\/da\/","name":"Mandrup Consult","description":"","potentialAction":[{"@type":"SearchAction","target":{"@type":"EntryPoint","urlTemplate":"https:\/\/mandrupconsult.com\/da\/?s={search_term_string}"},"query-input":"required name=search_term_string"}],"inLanguage":"da-DK"},{"@type":"WebPage","@id":"https:\/\/mandrupconsult.com\/da\/vaerdier\/","url":"https:\/\/mandrupconsult.com\/da\/vaerdier\/","name":"V\u00e6rdier - Mandrup Consult","isPartOf":{"@id":"https:\/\/mandrupconsult.com\/da\/#website"},"datePublished":"2023-02-17T12:37:04+00:00","dateModified":"2023-10-11T06:42:41+00:00","breadcrumb":{"@id":"https:\/\/mandrupconsult.com\/da\/vaerdier\/#breadcrumb"},"inLanguage":"da-DK","potentialAction":[{"@type":"ReadAction","target":["https:\/\/mandrupconsult.com\/da\/vaerdier\/"]}]},{"@type":"BreadcrumbList","@id":"https:\/\/mandrupconsult.com\/da\/vaerdier\/#breadcrumb","itemListElement":[{"@type":"ListItem","position":1,"name":"Hjem","item":"https:\/\/mandrupconsult.com\/da\/"},{"@type":"ListItem","position":2,"name":"V\u00e6rdier"}]}]}},"_links":{"self":[{"href":"https:\/\/mandrupconsult.com\/da\/wp-json\/wp\/v2\/pages\/1710"}],"collection":[{"href":"https:\/\/mandrupconsult.com\/da\/wp-json\/wp\/v2\/pages"}],"about":[{"href":"https:\/\/mandrupconsult.com\/da\/wp-json\/wp\/v2\/types\/page"}],"author":[{"embeddable":true,"href":"https:\/\/mandrupconsult.com\/da\/wp-json\/wp\/v2\/users\/1"}],"replies":[{"embeddable":true,"href":"https:\/\/mandrupconsult.com\/da\/wp-json\/wp\/v2\/comments?post=1710"}],"version-history":[{"count":12,"href":"https:\/\/mandrupconsult.com\/da\/wp-json\/wp\/v2\/pages\/1710\/revisions"}],"predecessor-version":[{"id":2251,"href":"https:\/\/mandrupconsult.com\/da\/wp-json\/wp\/v2\/pages\/1710\/revisions\/2251"}],"wp:attachment":[{"href":"https:\/\/mandrupconsult.com\/da\/wp-json\/wp\/v2\/media?parent=1710"}],"curies":[{"name":"wp","href":"https:\/\/api.w.org\/{rel}","templated":true}]}}