{"id":259,"date":"2022-11-09T10:44:28","date_gmt":"2022-11-09T09:44:28","guid":{"rendered":"https:\/\/mandrupconsult.com\/?page_id=259"},"modified":"2023-04-17T09:18:14","modified_gmt":"2023-04-17T07:18:14","slug":"fast-forward-maalproces","status":"publish","type":"page","link":"https:\/\/mandrupconsult.com\/da\/fast-forward-maalproces\/","title":{"rendered":"Fast-Forward m\u00e5lproces"},"content":{"rendered":"<h3>Fast-Forward m\u00e5lprocessen<\/h3>\n<p class=\"p1\">Fast-Forward m\u00e5lprocessen sikrer, at rejsen mod m\u00e5let simplificeres mest muligt, at fundamentet for succes er optimalt samt l\u00f8bende eksekvering af de v\u00e6rkt\u00f8jer, der med st\u00f8rst effekt f\u00f8rer til m\u00e5let.<\/p>\n<p><img loading=\"lazy\" class=\" wp-image-1629\" src=\"https:\/\/mandrupconsult.com\/wp-content\/uploads\/2023\/01\/istock-954703138-e1673607176568-300x196.jpg\" alt=\"\" width=\"876\" height=\"572\" srcset=\"https:\/\/mandrupconsult.com\/wp-content\/uploads\/2023\/01\/istock-954703138-e1673607176568-300x196.jpg 300w, https:\/\/mandrupconsult.com\/wp-content\/uploads\/2023\/01\/istock-954703138-e1673607176568-768x502.jpg 768w, https:\/\/mandrupconsult.com\/wp-content\/uploads\/2023\/01\/istock-954703138-e1673607176568-1536x1003.jpg 1536w, https:\/\/mandrupconsult.com\/wp-content\/uploads\/2023\/01\/istock-954703138-e1673607176568-640x418.jpg 640w, https:\/\/mandrupconsult.com\/wp-content\/uploads\/2023\/01\/istock-954703138-e1673607176568-1024x669.jpg 1024w, https:\/\/mandrupconsult.com\/wp-content\/uploads\/2023\/01\/istock-954703138-e1673607176568-1140x744.jpg 1140w, https:\/\/mandrupconsult.com\/wp-content\/uploads\/2023\/01\/istock-954703138-e1673607176568-1366x892.jpg 1366w, https:\/\/mandrupconsult.com\/wp-content\/uploads\/2023\/01\/istock-954703138-e1673607176568-1600x1045.jpg 1600w, https:\/\/mandrupconsult.com\/wp-content\/uploads\/2023\/01\/istock-954703138-e1673607176568.jpg 1830w\" sizes=\"(min-width: 1740px) 1740px, 100vw\" \/><\/p>\n<h3>Eksekveringsorienteret &#8220;Toolbox&#8221;<\/h3>\n<p class=\"p1\">Fast-Forward m\u00e5lprocessen er en st\u00e6rk performance \u201cToolbox\u201d, der indeholder effektive v\u00e6rkt\u00f8jer, der kontinuerligt bringer virksomheden frem mod m\u00e5let.<\/p>\n<p class=\"p1\">Modellen er opdelt i 4 overordnede processer, som hver best\u00e5r af forskellige situationsbestemte v\u00e6rkt\u00f8jer.<\/p>\n<p class=\"p1\">De 4 processer har hver is\u00e6r nedenst\u00e5ende form\u00e5l:<\/p>\n<ul class=\"ul1\">\n<li class=\"li1\">Definition af m\u00e5l: Skabe krystalklare m\u00e5l<\/li>\n<li class=\"li1\">Fundament: Etablere et st\u00e6rkt fundament<\/li>\n<li class=\"li1\">Design: Design af actionplan samt udv\u00e6lgelse af de v\u00e6rkt\u00f8jer, der mest effektivt n\u00e5r m\u00e5let<\/li>\n<li class=\"li1\">Implementering: Kontinuerlig eksekvering af de valgte v\u00e6rkt\u00f8jer. Hvis situationen \u00e6ndrer sig udv\u00e6lges nye v\u00e6rkt\u00f8jer.<\/li>\n<\/ul>\n<p>&nbsp;<\/p>\n<h3>M\u00e5lprocessens v\u00e6rdi<\/h3>\n<p class=\"p1\">Kernen i m\u00e5lprocessen, er r\u00e6kken af de forskellige situationsbestemte v\u00e6rkt\u00f8jer, der er indeholdt i hver af de 4 processer.<\/p>\n<p class=\"p1\">Det enkelte v\u00e6rkt\u00f8j i sig selv er en m\u00e5lrettet delproces, der belyser eller l\u00f8ser en specifik situation, og dermed bringer den samlede proces videre mod m\u00e5let. Kombinationen af valget af det enkelte v\u00e6rkt\u00f8j og den efterf\u00f8lgende implementering, som sikrer virksomheden resultatfokuseret fremdrift, udg\u00f8r m\u00e5lprocessens v\u00e6rdi. Implementeringen sker i et gensidigt samarbejde.<\/p>\n<p class=\"p1\">Fast-Forward m\u00e5lprocessen udvides l\u00f8bende med nye procesv\u00e6rkt\u00f8jer.<\/p>\n","protected":false},"excerpt":{"rendered":"<p>Fast-Forward m\u00e5lprocessen Fast-Forward m\u00e5lprocessen sikrer, at rejsen mod m\u00e5let simplificeres mest muligt, at fundamentet for succes er optimalt samt l\u00f8bende eksekvering af de v\u00e6rkt\u00f8jer, der med st\u00f8rst effekt f\u00f8rer til m\u00e5let. Eksekveringsorienteret &#8220;Toolbox&#8221; Fast-Forward m\u00e5lprocessen er en st\u00e6rk performance \u201cToolbox\u201d, der indeholder effektive v\u00e6rkt\u00f8jer, der kontinuerligt bringer virksomheden frem mod m\u00e5let. Modellen er opdelt i [&hellip;]<\/p>\n","protected":false},"author":1,"featured_media":0,"parent":0,"menu_order":0,"comment_status":"closed","ping_status":"closed","template":"","meta":[],"acf":[],"yoast_head":"<!-- This site is optimized with the Yoast SEO plugin v19.4 - https:\/\/yoast.com\/wordpress\/plugins\/seo\/ -->\n<title>Fast-Forward m\u00e5lproces - Mandrup Consult<\/title>\n<meta name=\"robots\" content=\"index, follow, max-snippet:-1, max-image-preview:large, max-video-preview:-1\" \/>\n<link rel=\"canonical\" href=\"https:\/\/mandrupconsult.com\/da\/fast-forward-maalproces\/\" \/>\n<meta property=\"og:locale\" content=\"da_DK\" \/>\n<meta property=\"og:type\" content=\"article\" \/>\n<meta property=\"og:title\" content=\"Fast-Forward m\u00e5lproces - Mandrup Consult\" \/>\n<meta property=\"og:description\" content=\"Fast-Forward m\u00e5lprocessen Fast-Forward m\u00e5lprocessen sikrer, at rejsen mod m\u00e5let simplificeres mest muligt, at fundamentet for succes er optimalt samt l\u00f8bende eksekvering af de v\u00e6rkt\u00f8jer, der med st\u00f8rst effekt f\u00f8rer til m\u00e5let. Eksekveringsorienteret &#8220;Toolbox&#8221; Fast-Forward m\u00e5lprocessen er en st\u00e6rk performance \u201cToolbox\u201d, der indeholder effektive v\u00e6rkt\u00f8jer, der kontinuerligt bringer virksomheden frem mod m\u00e5let. Modellen er opdelt i [&hellip;]\" \/>\n<meta property=\"og:url\" content=\"https:\/\/mandrupconsult.com\/da\/fast-forward-maalproces\/\" \/>\n<meta property=\"og:site_name\" content=\"Mandrup Consult\" \/>\n<meta property=\"article:modified_time\" content=\"2023-04-17T07:18:14+00:00\" \/>\n<meta property=\"og:image\" content=\"https:\/\/mandrupconsult.com\/wp-content\/uploads\/2023\/01\/istock-954703138-e1673607176568-300x196.jpg\" \/>\n<meta name=\"twitter:card\" content=\"summary_large_image\" \/>\n<meta name=\"twitter:label1\" content=\"Estimeret l\u00e6setid\" \/>\n\t<meta name=\"twitter:data1\" content=\"2 minutter\" \/>\n<!-- \/ Yoast SEO plugin. -->","yoast_head_json":{"title":"Fast-Forward m\u00e5lproces - Mandrup Consult","robots":{"index":"index","follow":"follow","max-snippet":"max-snippet:-1","max-image-preview":"max-image-preview:large","max-video-preview":"max-video-preview:-1"},"canonical":"https:\/\/mandrupconsult.com\/da\/fast-forward-maalproces\/","og_locale":"da_DK","og_type":"article","og_title":"Fast-Forward m\u00e5lproces - Mandrup Consult","og_description":"Fast-Forward m\u00e5lprocessen Fast-Forward m\u00e5lprocessen sikrer, at rejsen mod m\u00e5let simplificeres mest muligt, at fundamentet for succes er optimalt samt l\u00f8bende eksekvering af de v\u00e6rkt\u00f8jer, der med st\u00f8rst effekt f\u00f8rer til m\u00e5let. Eksekveringsorienteret &#8220;Toolbox&#8221; Fast-Forward m\u00e5lprocessen er en st\u00e6rk performance \u201cToolbox\u201d, der indeholder effektive v\u00e6rkt\u00f8jer, der kontinuerligt bringer virksomheden frem mod m\u00e5let. Modellen er opdelt i [&hellip;]","og_url":"https:\/\/mandrupconsult.com\/da\/fast-forward-maalproces\/","og_site_name":"Mandrup Consult","article_modified_time":"2023-04-17T07:18:14+00:00","og_image":[{"url":"https:\/\/mandrupconsult.com\/wp-content\/uploads\/2023\/01\/istock-954703138-e1673607176568-300x196.jpg"}],"twitter_card":"summary_large_image","twitter_misc":{"Estimeret l\u00e6setid":"2 minutter"},"schema":{"@context":"https:\/\/schema.org","@graph":[{"@type":"WebSite","@id":"https:\/\/mandrupconsult.com\/da\/#website","url":"https:\/\/mandrupconsult.com\/da\/","name":"Mandrup Consult","description":"","potentialAction":[{"@type":"SearchAction","target":{"@type":"EntryPoint","urlTemplate":"https:\/\/mandrupconsult.com\/da\/?s={search_term_string}"},"query-input":"required name=search_term_string"}],"inLanguage":"da-DK"},{"@type":"WebPage","@id":"https:\/\/mandrupconsult.com\/da\/fast-forward-maalproces\/","url":"https:\/\/mandrupconsult.com\/da\/fast-forward-maalproces\/","name":"Fast-Forward m\u00e5lproces - Mandrup Consult","isPartOf":{"@id":"https:\/\/mandrupconsult.com\/da\/#website"},"datePublished":"2022-11-09T09:44:28+00:00","dateModified":"2023-04-17T07:18:14+00:00","breadcrumb":{"@id":"https:\/\/mandrupconsult.com\/da\/fast-forward-maalproces\/#breadcrumb"},"inLanguage":"da-DK","potentialAction":[{"@type":"ReadAction","target":["https:\/\/mandrupconsult.com\/da\/fast-forward-maalproces\/"]}]},{"@type":"BreadcrumbList","@id":"https:\/\/mandrupconsult.com\/da\/fast-forward-maalproces\/#breadcrumb","itemListElement":[{"@type":"ListItem","position":1,"name":"Hjem","item":"https:\/\/mandrupconsult.com\/da\/"},{"@type":"ListItem","position":2,"name":"Fast-Forward m\u00e5lproces"}]}]}},"_links":{"self":[{"href":"https:\/\/mandrupconsult.com\/da\/wp-json\/wp\/v2\/pages\/259"}],"collection":[{"href":"https:\/\/mandrupconsult.com\/da\/wp-json\/wp\/v2\/pages"}],"about":[{"href":"https:\/\/mandrupconsult.com\/da\/wp-json\/wp\/v2\/types\/page"}],"author":[{"embeddable":true,"href":"https:\/\/mandrupconsult.com\/da\/wp-json\/wp\/v2\/users\/1"}],"replies":[{"embeddable":true,"href":"https:\/\/mandrupconsult.com\/da\/wp-json\/wp\/v2\/comments?post=259"}],"version-history":[{"count":16,"href":"https:\/\/mandrupconsult.com\/da\/wp-json\/wp\/v2\/pages\/259\/revisions"}],"predecessor-version":[{"id":2126,"href":"https:\/\/mandrupconsult.com\/da\/wp-json\/wp\/v2\/pages\/259\/revisions\/2126"}],"wp:attachment":[{"href":"https:\/\/mandrupconsult.com\/da\/wp-json\/wp\/v2\/media?parent=259"}],"curies":[{"name":"wp","href":"https:\/\/api.w.org\/{rel}","templated":true}]}}